{"id":31249,"date":"2026-01-26T16:32:19","date_gmt":"2026-01-26T15:32:19","guid":{"rendered":"https:\/\/blog.sub.uni-hamburg.de\/?page_id=31249"},"modified":"2026-03-12T14:54:01","modified_gmt":"2026-03-12T13:54:01","slug":"hinweise-zum-datenschutz","status":"publish","type":"page","link":"https:\/\/blog.sub.uni-hamburg.de\/?page_id=31249","title":{"rendered":"Veranstaltungen in der Stabi Hamburg"},"content":{"rendered":"<div class=\"feedzy-220e6f176d8c26b9dacd1319746fbc3a feedzy-rss\"><ul><li  style=\"padding: 0px 0 0px\" class=\"rss_item\"><div class=\"rss_image\" style=\"\"><a href=\"https:\/\/blog.sub.uni-hamburg.de\/?p=42228\" target=\"_blank\" rel=\" noopener\" title=\"Was die Zugangsb\u00fccher erz\u00e4hlen: Ausgew\u00e4hlte Quellen zur Provenienzforschung (13.4.)\" style=\"\"><img decoding=\"async\" src=\"https:\/\/blog.sub.uni-hamburg.de\/wp-content\/uploads\/2022\/04\/Logo_TagDerProvenienzforschung.jpg\" title=\"Was die Zugangsb\u00fccher erz\u00e4hlen: Ausgew\u00e4hlte Quellen zur Provenienzforschung (13.4.)\" style=\"width:187.5px;\"><\/a><\/div><span class=\"title\"><a href=\"https:\/\/blog.sub.uni-hamburg.de\/?p=42228\" target=\"_blank\" rel=\" noopener\">Was die Zugangsb\u00fccher erz\u00e4hlen: Ausgew\u00e4hlte Quellen zur Provenienzforschung (13.4.)<\/a><\/span><div class=\"rss_content\" style=\"\"><p>Von der Arbeitsstelle Provenienzforschung \u2013 NS-Raubgut. Montag, 13. April 2026, 15:30 Uhr, Carl-von-Ossietzky-Forum. Update: Impressionen der Veranstaltung finden Sie am Ende des Artikels. Ein Werkstattbesuch in unserer Arbeitsstelle Provenienzforschung \u2013 das ist der diesj\u00e4hrige Beitrag der Stabi zum [&hellip;]<\/p><\/div><\/li><li  style=\"padding: 0px 0 0px\" class=\"rss_item\"><div class=\"rss_image\" style=\"\"><a href=\"https:\/\/blog.sub.uni-hamburg.de\/?p=42219\" target=\"_blank\" rel=\" noopener\" title=\"IndieStabi: \u201eDown by Law \u2013 Kriminalisierung, Solidarit\u00e4t und \u00dcberleben in Europa\u201c (15.4.)\" style=\"\"><img decoding=\"async\" src=\"https:\/\/blog.sub.uni-hamburg.de\/wp-content\/uploads\/2026\/03\/DownByLaw_Buchcover-213x300.jpg\" title=\"IndieStabi: \u201eDown by Law \u2013 Kriminalisierung, Solidarit\u00e4t und \u00dcberleben in Europa\u201c (15.4.)\" style=\"width:187.5px;\"><\/a><\/div><span class=\"title\"><a href=\"https:\/\/blog.sub.uni-hamburg.de\/?p=42219\" target=\"_blank\" rel=\" noopener\">IndieStabi: \u201eDown by Law \u2013 Kriminalisierung, Solidarit\u00e4t und \u00dcberleben in Europa\u201c (15.4.)<\/a><\/span><div class=\"rss_content\" style=\"\"><p>Mittwoch, 15.4., 19 Uhr, Vortragsraum. \u201eDown by Law\u201c aus dem Verlag \u201cGalerie der abseitigen K\u00fcnste\u201d ist ein au\u00dfergew\u00f6hnliches Graphic-Novel-Projekt von Ethnograf:innen, K\u00fcnstler:innen und Aktivist:innen. Mit analytischer Sch\u00e4rfe und erz\u00e4hlerischer Kraft erz\u00e4hlt es von Menschen, deren Leben durch die [&hellip;]<\/p><\/div><\/li><li  style=\"padding: 0px 0 0px\" class=\"rss_item\"><div class=\"rss_image\" style=\"\"><a href=\"https:\/\/blog.sub.uni-hamburg.de\/?p=42222\" target=\"_blank\" rel=\" noopener\" title=\"Lesungen: Platt f\u00f6r de Stadt \u2013 der f\u00fcnfte Plattdeutsch-Tag in Hamburg (18.4.)\" style=\"\"><img decoding=\"async\" src=\"https:\/\/blog.sub.uni-hamburg.de\/wp-content\/uploads\/2026\/03\/2026-04-18-Plattdeutschtag-300x287.jpg\" title=\"Lesungen: Platt f\u00f6r de Stadt \u2013 der f\u00fcnfte Plattdeutsch-Tag in Hamburg (18.4.)\" style=\"width:187.5px;\"><\/a><\/div><span class=\"title\"><a href=\"https:\/\/blog.sub.uni-hamburg.de\/?p=42222\" target=\"_blank\" rel=\" noopener\">Lesungen: Platt f\u00f6r de Stadt \u2013 der f\u00fcnfte Plattdeutsch-Tag in Hamburg (18.4.)<\/a><\/span><div class=\"rss_content\" style=\"\"><p>Samstag, 18.4., 11 bis 16 Uhr, Vortragsraum. Am f\u00fcnften Plattdeutsch-Tag in Hamburg wird auch in der Stabi Plattdeutsch gesprochen und gelesen! Es treten Matthias St\u00fchrwoldt, Annie Heger, Yared Dibaba, Detlef Wutschik mit seiner Klappmaulfigur Werner Momsen und Benita Brunnert auf. Eine Veranstaltung des [&hellip;]<\/p><\/div><\/li><li  style=\"padding: 0px 0 0px\" class=\"rss_item\"><div class=\"rss_image\" style=\"\"><a href=\"https:\/\/blog.sub.uni-hamburg.de\/?p=42211\" target=\"_blank\" rel=\" noopener\" title=\"Vortrag Katharina Pelosi: Zukunftsmusik \u2013 klangk\u00fcnstlerische Verfahren und Geschichte im \u00f6ffentlichen Raum (14.4.)\" style=\"\"><img decoding=\"async\" src=\"https:\/\/blog.sub.uni-hamburg.de\/wp-content\/uploads\/2026\/04\/pelosi-plakat-213x300.jpg\" title=\"Vortrag Katharina Pelosi: Zukunftsmusik \u2013 klangk\u00fcnstlerische Verfahren und Geschichte im \u00f6ffentlichen Raum (14.4.)\" style=\"width:187.5px;\"><\/a><\/div><span class=\"title\"><a href=\"https:\/\/blog.sub.uni-hamburg.de\/?p=42211\" target=\"_blank\" rel=\" noopener\">Vortrag Katharina Pelosi: Zukunftsmusik \u2013 klangk\u00fcnstlerische Verfahren und Geschichte im \u00f6ffentlichen Raum (14.4.)<\/a><\/span><div class=\"rss_content\" style=\"\"><p>Dienstag, 14.4., 18.30 Uhr, Ossietzky-Forum. \u00d6ffentlicher Vortrag von Audiok\u00fcnstlerin Katharina Pelosi zum Semesterauftakt des Masterstudiengangs Public History Zum Auftakt des Sommersemesters l\u00e4dt der Masterstudiengang Public History der Universit\u00e4t Hamburg am 14. April um 18.30 Uhr zu einem \u00f6ffentlichen Vortrag [&hellip;]<\/p><\/div><\/li><li  style=\"padding: 0px 0 0px\" class=\"rss_item\"><div class=\"rss_image\" style=\"\"><a href=\"https:\/\/blog.sub.uni-hamburg.de\/?p=42273\" target=\"_blank\" rel=\" noopener\" title=\"Veranstaltungsflyer Mai 2026\" style=\"\"><img decoding=\"async\" src=\"https:\/\/blog.sub.uni-hamburg.de\/wp-content\/uploads\/2026\/04\/StabiFlyer-2026-05.jpg\" title=\"Veranstaltungsflyer Mai 2026\" style=\"width:187.5px;\"><\/a><\/div><span class=\"title\"><a href=\"https:\/\/blog.sub.uni-hamburg.de\/?p=42273\" target=\"_blank\" rel=\" noopener\">Veranstaltungsflyer Mai 2026<\/a><\/span><div class=\"rss_content\" style=\"\"><p>In unserem monatlich erscheinenden Flyer bieten wir Ihnen einen kompakten \u00dcberblick \u00fcber das umfassende Veranstaltungsprogramm der Stabi. Sie finden dort die jeweils anstehenden Vortr\u00e4ge, Lesungen und Ausstellungen. Als gedrucktes Exemplar liegt er in K\u00fcrze im Foyer der Stabi aus und wird an vielen Stellen in der [&hellip;]<\/p><\/div><\/li><li  style=\"padding: 0px 0 0px\" class=\"rss_item\"><div class=\"rss_image\" style=\"\"><a href=\"https:\/\/blog.sub.uni-hamburg.de\/?p=42295\" target=\"_blank\" rel=\" noopener\" title=\"Vortrag: Propaganda in Bild und Wort vor tausend Jahren: der Teppich von Bayeux (19.4.)\" style=\"\"><img decoding=\"async\" src=\"https:\/\/blog.sub.uni-hamburg.de\/wp-content\/uploads\/2026\/04\/Teppich_von_Bayeux-detail-gr.jpg\" title=\"Vortrag: Propaganda in Bild und Wort vor tausend Jahren: der Teppich von Bayeux (19.4.)\" style=\"width:187.5px;\"><\/a><\/div><span class=\"title\"><a href=\"https:\/\/blog.sub.uni-hamburg.de\/?p=42295\" target=\"_blank\" rel=\" noopener\">Vortrag: Propaganda in Bild und Wort vor tausend Jahren: der Teppich von Bayeux (19.4.)<\/a><\/span><div class=\"rss_content\" style=\"\"><p>Sonntag, 19.4., 12 Uhr, Vortragsraum. Ein Vortrag von Prof. Dr. Philippe Depreux (Universit\u00e4t Hamburg). Seit 2007 steht der Teppich von Bayeux auf der Weltdokumentenerbenliste der UNESCO, was die au\u00dferordentliche Bedeutung dieser fast 70 Meter langen Stickerei f\u00fcr die Menschheit unterstreicht, welche den Anspruch [&hellip;]<\/p><\/div><\/li><li  style=\"padding: 0px 0 0px\" class=\"rss_item\"><span class=\"title\"><a href=\"https:\/\/blog.sub.uni-hamburg.de\/?p=42303\" target=\"_blank\" rel=\" noopener\">Ist das Diplomatie oder kann das weg? (21.4.)<\/a><\/span><div class=\"rss_content\" style=\"\"><p>Dienstag, 21.4., 19 Uhr, Vortragsraum. Lesung und Gespr\u00e4ch mit Martin Kobler aus seinem Buch \u201eWeltenbeben\u201c Der Kauf von Gr\u00f6nland, Maduros Entf\u00fchrung oder die Bomben auf Iran, alles seit Jahresbeginn, zeigen mit gro\u00dfer Deutlichkeit: V\u00f6lkerrechtliche Regeln werden nicht einmal mehr zitiert. Kriegerische Gewalt [&hellip;]<\/p><\/div><\/li><li  style=\"padding: 0px 0 0px\" class=\"rss_item\"><div class=\"rss_image\" style=\"\"><a href=\"https:\/\/blog.sub.uni-hamburg.de\/?p=42331\" target=\"_blank\" rel=\" noopener\" title=\"Thementage: Klimawandel der Kommunikation \u2013 Wie wir reden, wenn es ernst wird? (22.-24.4.)\" style=\"\"><img decoding=\"async\" src=\"https:\/\/blog.sub.uni-hamburg.de\/wp-content\/uploads\/2026\/04\/klimawandel-kommunikation-2026.jpg\" title=\"Thementage: Klimawandel der Kommunikation \u2013 Wie wir reden, wenn es ernst wird? (22.-24.4.)\" style=\"width:187.5px;\"><\/a><\/div><span class=\"title\"><a href=\"https:\/\/blog.sub.uni-hamburg.de\/?p=42331\" target=\"_blank\" rel=\" noopener\">Thementage: Klimawandel der Kommunikation \u2013 Wie wir reden, wenn es ernst wird? (22.-24.4.)<\/a><\/span><div class=\"rss_content\" style=\"\"><p>Mittwoch, 22.4. bis Freitag, 24.4., jeweils ganzt\u00e4gig, Beginn: Mi. 22.4., 9:15 Uhr, Ossietzky-Forum. Globale Krisen wie der Klimawandel sind kommunikative Herausforderungen. Wie sprechen wir verst\u00e4ndlich und wirksam \u00fcber die Erderw\u00e4rmung? Und wie k\u00f6nnen Medien aufgeheizte Debatten wieder abk\u00fchlen? Bei den [&hellip;]<\/p><\/div><\/li><li  style=\"padding: 0px 0 0px\" class=\"rss_item\"><div class=\"rss_image\" style=\"\"><a href=\"https:\/\/blog.sub.uni-hamburg.de\/?p=42343\" target=\"_blank\" rel=\" noopener\" title=\"Jahresempfang der SUB (21.4.)\" style=\"\"><img decoding=\"async\" src=\"https:\/\/blog.sub.uni-hamburg.de\/wp-content\/uploads\/2026\/04\/Einladung_digital-1-1-1-1-300x140.jpg\" title=\"Jahresempfang der SUB (21.4.)\" style=\"width:187.5px;\"><\/a><\/div><span class=\"title\"><a href=\"https:\/\/blog.sub.uni-hamburg.de\/?p=42343\" target=\"_blank\" rel=\" noopener\">Jahresempfang der SUB (21.4.)<\/a><\/span><div class=\"rss_content\" style=\"\"><p>Die Staats- und Universit\u00e4tsbibliothek und die Gesellschaft der Freunde laden herzlich zum Jahresempfang ein: Dienstag, 21. April 2026, 17 Uhr Lichthof der Staats- und Universit\u00e4tsbibliothek Einlass durch den Eingang des Altbaus (Moorweidenstra\u00dfe 40) Wir feiern beim Jahresempfang die \u00dcbergabe des P. Walter Jacob [&hellip;]<\/p><\/div><\/li><li  style=\"padding: 0px 0 0px\" class=\"rss_item\"><div class=\"rss_image\" style=\"\"><a href=\"https:\/\/blog.sub.uni-hamburg.de\/?p=42335\" target=\"_blank\" rel=\" noopener\" title=\"Prof. Dr. Norbert Fischer: Die Regionalkarte zur Geschichte und Landeskunde Ausgabe Elbe-Weser-Dreieck (Nord) (29.4.)\" style=\"\"><img decoding=\"async\" src=\"https:\/\/blog.sub.uni-hamburg.de\/wp-content\/uploads\/2026\/04\/regionalkarte-elbe-weser-dreieck0.jpg\" title=\"Prof. Dr. Norbert Fischer: Die Regionalkarte zur Geschichte und Landeskunde Ausgabe Elbe-Weser-Dreieck (Nord) (29.4.)\" style=\"width:187.5px;\"><\/a><\/div><span class=\"title\"><a href=\"https:\/\/blog.sub.uni-hamburg.de\/?p=42335\" target=\"_blank\" rel=\" noopener\">Prof. Dr. Norbert Fischer: Die Regionalkarte zur Geschichte und Landeskunde Ausgabe Elbe-Weser-Dreieck (Nord) (29.4.)<\/a><\/span><div class=\"rss_content\" style=\"\"><p>Mittwoch, 29.4., 18 Uhr, Vortragsraum. Dem in Stade ans\u00e4ssigen Landschaftsverband der ehemaligen Herzogt\u00fcmer Bremen und Verden sind beachtliche historisch-landeskundliche Publikationen zu danken: Urkundenb\u00fccher, mehrb\u00e4ndige Werke zur Geschichte der Region zwischen Elbe und Weser wie zu ihren Deichen, eine [&hellip;]<\/p><\/div><\/li><\/ul> <\/div><style type=\"text\/css\" media=\"all\">.feedzy-rss .rss_item .rss_image{float:left;position:relative;border:none;text-decoration:none;max-width:100%}.feedzy-rss .rss_item .rss_image span{display:inline-block;position:absolute;width:100%;height:100%;background-position:50%;background-size:cover}.feedzy-rss .rss_item .rss_image{margin:.3em 1em 0 0;content-visibility:auto}.feedzy-rss ul{list-style:none}.feedzy-rss ul li{display:inline-block}<\/style>\n<hr \/>\n<p><!--\n[feedzy-rss feeds=https:\/\/blog.sub.uni-hamburg.de\/?feed=rss2&cat=9 max=\"5\" feed_title=\"no\" summarylength=\"320\" template='style2' columns=\"2\" size='250'] \n\n\n\n\n\n\n<hr \/>\n\n \n\n[feedzy-rss feeds=https:\/\/blog.sub.uni-hamburg.de\/?feed=rss2&cat=9 max=\"10\" columns=\"3\" summary=\"yes\" summarylength=\"160\" thumb=\"yes\" target=\"_blank\"]\n\n\n\n[feedzy-rss feeds=https:\/\/blog.sub.uni-hamburg.de\/?feed=rss2&cat=9 max=\"10\" meta=\"author, date\" columns=\"3\" summary=\"yes\" summarylength=\"160\" thumb=\"yes\" target=\"_blank\"]\n\nFeed der Kategorie Veranstaltungen: https:\/\/blog.sub.uni-hamburg.de\/?feed=rss2&cat=9\nFeed der Kategorie Veranstaltungen plus Schlagwort veranstaltungen: https:\/\/blog.sub.uni-hamburg.de\/?feed=rss2&cat=9&tag=veranstaltungen\n\n--><\/p>\n","protected":false},"excerpt":{"rendered":"","protected":false},"author":19,"featured_media":0,"parent":0,"menu_order":0,"comment_status":"closed","ping_status":"closed","template":"","meta":{"jetpack_post_was_ever_published":false,"footnotes":""},"class_list":["post-31249","page","type-page","status-publish","hentry"],"jetpack_shortlink":"https:\/\/wp.me\/P7hfNR-881","jetpack-related-posts":[{"id":205,"url":"https:\/\/blog.sub.uni-hamburg.de\/?page_id=205","url_meta":{"origin":31249,"position":0},"title":"RSS &#8211; Was ist das?","author":"AC","date":"10-07-06","format":false,"excerpt":"Mit unserem RSS-Feed k\u00f6nnen Sie \u00fcber die Neuigkeiten aus Stabi und Fachbibliotheken auf dem Laufenden bleiben - auch ohne diese Website zu besuchen. RSS-Feeds sind auch sonst eine gute M\u00f6glichkeit, sich informieren zu lassen, wenn sich auf einer Website etwas \u00e4ndert. Wie das funktioniert? Sie haben die Wahl: Sie installieren\u2026","rel":"","context":"In &quot;Aktuelles&quot;","block_context":{"text":"Aktuelles","link":"https:\/\/blog.sub.uni-hamburg.de\/?cat=1"},"img":{"alt_text":"","src":"","width":0,"height":0},"classes":[]}],"jetpack_sharing_enabled":true,"_links":{"self":[{"href":"https:\/\/blog.sub.uni-hamburg.de\/index.php?rest_route=\/wp\/v2\/pages\/31249","targetHints":{"allow":["GET"]}}],"collection":[{"href":"https:\/\/blog.sub.uni-hamburg.de\/index.php?rest_route=\/wp\/v2\/pages"}],"about":[{"href":"https:\/\/blog.sub.uni-hamburg.de\/index.php?rest_route=\/wp\/v2\/types\/page"}],"author":[{"embeddable":true,"href":"https:\/\/blog.sub.uni-hamburg.de\/index.php?rest_route=\/wp\/v2\/users\/19"}],"replies":[{"embeddable":true,"href":"https:\/\/blog.sub.uni-hamburg.de\/index.php?rest_route=%2Fwp%2Fv2%2Fcomments&post=31249"}],"version-history":[{"count":19,"href":"https:\/\/blog.sub.uni-hamburg.de\/index.php?rest_route=\/wp\/v2\/pages\/31249\/revisions"}],"predecessor-version":[{"id":42144,"href":"https:\/\/blog.sub.uni-hamburg.de\/index.php?rest_route=\/wp\/v2\/pages\/31249\/revisions\/42144"}],"wp:attachment":[{"href":"https:\/\/blog.sub.uni-hamburg.de\/index.php?rest_route=%2Fwp%2Fv2%2Fmedia&parent=31249"}],"curies":[{"name":"wp","href":"https:\/\/api.w.org\/{rel}","templated":true}]}}